{"id":71,"date":"2014-05-16T13:56:08","date_gmt":"2014-05-16T13:56:08","guid":{"rendered":"http:\/\/lourdesvirtual.com\/webdewp\/?page_id=71"},"modified":"2014-12-03T15:47:06","modified_gmt":"2014-12-03T14:47:06","slug":"recursos-educativos","status":"publish","type":"page","link":"https:\/\/lourdesvirtual.com\/webdewp\/recursos-educativos\/","title":{"rendered":"Recursos Educativos"},"content":{"rendered":"<p>Esta propuesta nace con el objetivo de colaborar con todos aquellos que est\u00e9n interesados en la educaci\u00f3n especial, en particular a todos aquellos compa\u00f1eros\/as que luchan para que la inclusi\u00f3n sea un \u00e9xito en A Coru\u00f1a. Se trata de una modesta aportaci\u00f3n, de un peque\u00f1o grano de arena, al que iremos poco a poco sumando esfuerzos y aportaciones, para que el futuro de las personas con discapacidad sea una realidad en la que tod@s tengamos las mismas oportunidades.<\/p>\n<p><img loading=\"lazy\" class=\"aligncenter\" src=\"http:\/\/upload.wikimedia.org\/wikipedia\/commons\/thumb\/2\/2a\/Logotipo_Global_Recursos_Educacionais_Abiertos_(REA).svg\/850px-Logotipo_Global_Recursos_Educacionais_Abiertos_(REA).svg.png\" alt=\"\" width=\"573\" height=\"382\" \/><\/p>\n<div class=\"sharedaddy sd-sharing-enabled\"><div class=\"robots-nocontent sd-block sd-social sd-social-official sd-sharing\"><h3 class=\"sd-title\">Comparte esto:<\/h3><div class=\"sd-content\"><ul><li class=\"share-facebook\"><div class=\"fb-share-button\" data-href=\"https:\/\/lourdesvirtual.com\/webdewp\/recursos-educativos\/\" data-layout=\"button_count\"><\/div><\/li><li class=\"share-twitter\"><a href=\"https:\/\/twitter.com\/share\" class=\"twitter-share-button\" data-url=\"https:\/\/lourdesvirtual.com\/webdewp\/recursos-educativos\/\" data-text=\"Recursos Educativos\"  >Tweet<\/a><\/li><li class=\"share-linkedin\"><div class=\"linkedin_button\"><script type=\"in\/share\" data-url=\"https:\/\/lourdesvirtual.com\/webdewp\/recursos-educativos\/\" data-counter=\"right\"><\/script><\/div><\/li><li class=\"share-pinterest\"><div class=\"pinterest_button\"><a href=\"https:\/\/www.pinterest.com\/pin\/create\/button\/?url=https%3A%2F%2Flourdesvirtual.com%2Fwebdewp%2Frecursos-educativos%2F&#038;media=http%3A%2F%2Fupload.wikimedia.org%2Fwikipedia%2Fcommons%2Fthumb%2F2%2F2a%2FLogotipo_Global_Recursos_Educacionais_Abiertos_%28REA%29.svg%2F850px-Logotipo_Global_Recursos_Educacionais_Abiertos_%28REA%29.svg.png&#038;description=Recursos%20Educativos\" data-pin-do=\"buttonPin\" data-pin-config=\"beside\"><img src=\"\/\/assets.pinterest.com\/images\/pidgets\/pinit_fg_en_rect_gray_20.png\" \/><\/a><\/div><\/li><li class=\"share-email\"><a rel=\"nofollow noopener noreferrer\" data-shared=\"\" class=\"share-email sd-button\" href=\"mailto:?subject=%5BEntrada%20compartida%5D%20Recursos%20Educativos&body=https%3A%2F%2Flourdesvirtual.com%2Fwebdewp%2Frecursos-educativos%2F&share=email\" target=\"_blank\" title=\"Haz clic para enviar un enlace por correo electr\u00f3nico a un amigo\" data-email-share-error-title=\"\u00bfTienes un correo electr\u00f3nico configurado?\" data-email-share-error-text=\"Si tienes problemas al compartir por correo electr\u00f3nico, es posible que sea porque no tengas un correo electr\u00f3nico configurado en tu navegador. Puede que tengas que crear un nuevo correo electr\u00f3nico t\u00fa mismo.\" data-email-share-nonce=\"27256f38db\" data-email-share-track-url=\"https:\/\/lourdesvirtual.com\/webdewp\/recursos-educativos\/?share=email\"><span>Correo electr\u00f3nico<\/span><\/a><\/li><li class=\"share-end\"><\/li><\/ul><\/div><\/div><\/div>","protected":false},"excerpt":{"rendered":"<p>Esta propuesta nace con el objetivo de colaborar con todos aquellos que est\u00e9n interesados en la educaci\u00f3n especial, en particular a todos aquellos compa\u00f1eros\/as que luchan para que la inclusi\u00f3n [&hellip;]<\/p>\n<div class=\"sharedaddy sd-sharing-enabled\"><div class=\"robots-nocontent sd-block sd-social sd-social-official sd-sharing\"><h3 class=\"sd-title\">Comparte esto:<\/h3><div class=\"sd-content\"><ul><li class=\"share-facebook\"><div class=\"fb-share-button\" data-href=\"https:\/\/lourdesvirtual.com\/webdewp\/recursos-educativos\/\" data-layout=\"button_count\"><\/div><\/li><li class=\"share-twitter\"><a href=\"https:\/\/twitter.com\/share\" class=\"twitter-share-button\" data-url=\"https:\/\/lourdesvirtual.com\/webdewp\/recursos-educativos\/\" data-text=\"Recursos Educativos\"  >Tweet<\/a><\/li><li class=\"share-linkedin\"><div class=\"linkedin_button\"><script type=\"in\/share\" data-url=\"https:\/\/lourdesvirtual.com\/webdewp\/recursos-educativos\/\" data-counter=\"right\"><\/script><\/div><\/li><li class=\"share-pinterest\"><div class=\"pinterest_button\"><a href=\"https:\/\/www.pinterest.com\/pin\/create\/button\/?url=https%3A%2F%2Flourdesvirtual.com%2Fwebdewp%2Frecursos-educativos%2F&#038;media=http%3A%2F%2Fupload.wikimedia.org%2Fwikipedia%2Fcommons%2Fthumb%2F2%2F2a%2FLogotipo_Global_Recursos_Educacionais_Abiertos_%28REA%29.svg%2F850px-Logotipo_Global_Recursos_Educacionais_Abiertos_%28REA%29.svg.png&#038;description=Recursos%20Educativos\" data-pin-do=\"buttonPin\" data-pin-config=\"beside\"><img src=\"\/\/assets.pinterest.com\/images\/pidgets\/pinit_fg_en_rect_gray_20.png\" \/><\/a><\/div><\/li><li class=\"share-email\"><a rel=\"nofollow noopener noreferrer\" data-shared=\"\" class=\"share-email sd-button\" href=\"mailto:?subject=%5BEntrada%20compartida%5D%20Recursos%20Educativos&body=https%3A%2F%2Flourdesvirtual.com%2Fwebdewp%2Frecursos-educativos%2F&share=email\" target=\"_blank\" title=\"Haz clic para enviar un enlace por correo electr\u00f3nico a un amigo\" data-email-share-error-title=\"\u00bfTienes un correo electr\u00f3nico configurado?\" data-email-share-error-text=\"Si tienes problemas al compartir por correo electr\u00f3nico, es posible que sea porque no tengas un correo electr\u00f3nico configurado en tu navegador. Puede que tengas que crear un nuevo correo electr\u00f3nico t\u00fa mismo.\" data-email-share-nonce=\"27256f38db\" data-email-share-track-url=\"https:\/\/lourdesvirtual.com\/webdewp\/recursos-educativos\/?share=email\"><span>Correo electr\u00f3nico<\/span><\/a><\/li><li class=\"share-end\"><\/li><\/ul><\/div><\/div><\/div>","protected":false},"author":2,"featured_media":0,"parent":0,"menu_order":0,"comment_status":"open","ping_status":"open","template":"","meta":{"ngg_post_thumbnail":0},"jetpack_shortlink":"https:\/\/wp.me\/P5dDKC-19","jetpack_sharing_enabled":true,"jetpack_likes_enabled":true,"_links":{"self":[{"href":"https:\/\/lourdesvirtual.com\/webdewp\/wp-json\/wp\/v2\/pages\/71"}],"collection":[{"href":"https:\/\/lourdesvirtual.com\/webdewp\/wp-json\/wp\/v2\/pages"}],"about":[{"href":"https:\/\/lourdesvirtual.com\/webdewp\/wp-json\/wp\/v2\/types\/page"}],"author":[{"embeddable":true,"href":"https:\/\/lourdesvirtual.com\/webdewp\/wp-json\/wp\/v2\/users\/2"}],"replies":[{"embeddable":true,"href":"https:\/\/lourdesvirtual.com\/webdewp\/wp-json\/wp\/v2\/comments?post=71"}],"version-history":[{"count":6,"href":"https:\/\/lourdesvirtual.com\/webdewp\/wp-json\/wp\/v2\/pages\/71\/revisions"}],"predecessor-version":[{"id":517,"href":"https:\/\/lourdesvirtual.com\/webdewp\/wp-json\/wp\/v2\/pages\/71\/revisions\/517"}],"wp:attachment":[{"href":"https:\/\/lourdesvirtual.com\/webdewp\/wp-json\/wp\/v2\/media?parent=71"}],"curies":[{"name":"wp","href":"https:\/\/api.w.org\/{rel}","templated":true}]}}