{"id":6,"date":"2014-05-14T15:26:55","date_gmt":"2014-05-14T15:26:55","guid":{"rendered":"http:\/\/lourdesvirtual.com\/webdewp\/?page_id=6"},"modified":"2021-01-28T14:34:28","modified_gmt":"2021-01-28T12:34:28","slug":"quienes-somos","status":"publish","type":"page","link":"https:\/\/lourdesvirtual.com\/webdewp\/quienes-somos\/","title":{"rendered":"\u00bfQuienes somos?"},"content":{"rendered":"<p><img data-attachment-id=\"748\" data-permalink=\"https:\/\/lourdesvirtual.com\/webdewp\/quienes-somos\/antigua_02_reduc\/\" data-orig-file=\"https:\/\/lourdesvirtual.com\/webdewp\/wp-content\/uploads\/2014\/05\/antigua_02_reduc.jpg\" data-orig-size=\"500,351\" data-comments-opened=\"1\" data-image-meta=\"{&quot;aperture&quot;:&quot;11&quot;,&quot;credit&quot;:&quot;&quot;,&quot;camera&quot;:&quot;Canon EOS 450D&quot;,&quot;caption&quot;:&quot;&quot;,&quot;created_timestamp&quot;:&quot;1241975535&quot;,&quot;copyright&quot;:&quot;&quot;,&quot;focal_length&quot;:&quot;20&quot;,&quot;iso&quot;:&quot;400&quot;,&quot;shutter_speed&quot;:&quot;0.3&quot;,&quot;title&quot;:&quot;&quot;,&quot;orientation&quot;:&quot;1&quot;}\" data-image-title=\"antigua_02_reduc\" data-image-description=\"\" data-image-caption=\"\" data-medium-file=\"https:\/\/lourdesvirtual.com\/webdewp\/wp-content\/uploads\/2014\/05\/antigua_02_reduc-300x211.jpg\" data-large-file=\"https:\/\/lourdesvirtual.com\/webdewp\/wp-content\/uploads\/2014\/05\/antigua_02_reduc.jpg\" loading=\"lazy\" class=\"aligncenter wp-image-748\" src=\"http:\/\/lourdesvirtual.com\/webdewp\/wp-content\/uploads\/2014\/05\/antigua_02_reduc-300x211.jpg\" alt=\"antigua_02_reduc\" width=\"527\" height=\"370\" srcset=\"https:\/\/lourdesvirtual.com\/webdewp\/wp-content\/uploads\/2014\/05\/antigua_02_reduc-300x211.jpg 300w, https:\/\/lourdesvirtual.com\/webdewp\/wp-content\/uploads\/2014\/05\/antigua_02_reduc.jpg 500w\" sizes=\"(max-width: 527px) 100vw, 527px\" \/><\/p>\n<p>&nbsp;<\/p>\n<p>El Colegio de Educaci\u00f3n Especial \u201cNuestra Se\u00f1ora de Lourdes\u201d nace, bajo el patrocinio de ASPRONAGA, en el a\u00f1o 1963.<\/p>\n<p>Las actividades se inician el 12 de Enero de 1964, en r\u00e9gimen de Patronato de la Asociaci\u00f3n ASPRONAGA, dependiente del Ministerio de Educaci\u00f3n y Ciencia.<\/p>\n<p>Las competencias del Ministerio de Educaci\u00f3n y Ciencia, se transfieren a la Xunta de Galicia por el R.D. 1783\/82 do 24 de Xullo, BOE do 31\/07\/82.<\/p>\n<p>Por el Real Decreto 2374\/1985, desaparecen los Patronatos y los profesores funcionarios conservan sus derechos pero las plazas eran a extinguir. Desde entonces, las vacantes se cubrieron por profesionales contratados por ASPRONAGA.<\/p>\n<p>En el curso 86\/87 pasa a ser Centro privado y se firma el primer concierto educativo con la Xunta de Galicia.<\/p>\n<p>En el curso 89\/90 se renueva el Concierto para las mismas diez unidades.<\/p>\n<p>Por la orden del 16\/11\/92, DOG del 27 se modifica el Concerto a iniciativa de la Conseller\u00eda de Educaci\u00f3n reduciendo a ocho (8) el n\u00ba de unidades.<\/p>\n<p>En el curso 1997-98 aumento de unha unidad concertada y otra m\u00e1s (10) en el&nbsp; 2001\/2002<\/p>\n<p>Curso 2007\/08, modificaci\u00f3n del concierto con la autorizaci\u00f3n de la 11 unidad. DOG&nbsp; 29\/08\/07<\/p>\n<p>Curso 2008\/09, renovacion del concierto para las 11 unidades. DOG 31\/08\/2009<\/p>\n<p>Curso 2013\/2014, modificaci\u00f3n del concierto, se mantienen las 11 unidades con la conversi\u00f3n de una de ellas en plurideficientes.&nbsp;<\/p>\n<p>Curso 2017\/18. Renovaci\u00f3n de 1 unidad de \u00a8plurideficientes\u201d y 10 unidades de Educaci\u00f3n Especial. Periodo 2017-2023.<\/p>\n<div class=\"sharedaddy sd-sharing-enabled\"><div class=\"robots-nocontent sd-block sd-social sd-social-official sd-sharing\"><h3 class=\"sd-title\">Comparte esto:<\/h3><div class=\"sd-content\"><ul><li class=\"share-facebook\"><div class=\"fb-share-button\" data-href=\"https:\/\/lourdesvirtual.com\/webdewp\/quienes-somos\/\" data-layout=\"button_count\"><\/div><\/li><li class=\"share-twitter\"><a href=\"https:\/\/twitter.com\/share\" class=\"twitter-share-button\" data-url=\"https:\/\/lourdesvirtual.com\/webdewp\/quienes-somos\/\" data-text=\"\u00bfQuienes somos?\"  >Tweet<\/a><\/li><li class=\"share-linkedin\"><div class=\"linkedin_button\"><script type=\"in\/share\" data-url=\"https:\/\/lourdesvirtual.com\/webdewp\/quienes-somos\/\" data-counter=\"right\"><\/script><\/div><\/li><li class=\"share-pinterest\"><div class=\"pinterest_button\"><a href=\"https:\/\/www.pinterest.com\/pin\/create\/button\/?url=https%3A%2F%2Flourdesvirtual.com%2Fwebdewp%2Fquienes-somos%2F&#038;media=http%3A%2F%2Flourdesvirtual.com%2Fwebdewp%2Fwp-content%2Fuploads%2F2014%2F05%2Fantigua_02_reduc-300x211.jpg&#038;description=%C2%BFQuienes%20somos%3F\" data-pin-do=\"buttonPin\" data-pin-config=\"beside\"><img src=\"\/\/assets.pinterest.com\/images\/pidgets\/pinit_fg_en_rect_gray_20.png\" \/><\/a><\/div><\/li><li class=\"share-email\"><a rel=\"nofollow noopener noreferrer\" data-shared=\"\" class=\"share-email sd-button\" href=\"mailto:?subject=%5BEntrada%20compartida%5D%20%C2%BFQuienes%20somos%3F&body=https%3A%2F%2Flourdesvirtual.com%2Fwebdewp%2Fquienes-somos%2F&share=email\" target=\"_blank\" title=\"Haz clic para enviar un enlace por correo electr\u00f3nico a un amigo\" data-email-share-error-title=\"\u00bfTienes un correo electr\u00f3nico configurado?\" data-email-share-error-text=\"Si tienes problemas al compartir por correo electr\u00f3nico, es posible que sea porque no tengas un correo electr\u00f3nico configurado en tu navegador. Puede que tengas que crear un nuevo correo electr\u00f3nico t\u00fa mismo.\" data-email-share-nonce=\"168655e3ef\" data-email-share-track-url=\"https:\/\/lourdesvirtual.com\/webdewp\/quienes-somos\/?share=email\"><span>Correo electr\u00f3nico<\/span><\/a><\/li><li class=\"share-end\"><\/li><\/ul><\/div><\/div><\/div>","protected":false},"excerpt":{"rendered":"<p>&nbsp; El Colegio de Educaci\u00f3n Especial \u201cNuestra Se\u00f1ora de Lourdes\u201d nace, bajo el patrocinio de ASPRONAGA, en el a\u00f1o 1963. Las actividades se inician el 12 de Enero de 1964, [&hellip;]<\/p>\n<div class=\"sharedaddy sd-sharing-enabled\"><div class=\"robots-nocontent sd-block sd-social sd-social-official sd-sharing\"><h3 class=\"sd-title\">Comparte esto:<\/h3><div class=\"sd-content\"><ul><li class=\"share-facebook\"><div class=\"fb-share-button\" data-href=\"https:\/\/lourdesvirtual.com\/webdewp\/quienes-somos\/\" data-layout=\"button_count\"><\/div><\/li><li class=\"share-twitter\"><a href=\"https:\/\/twitter.com\/share\" class=\"twitter-share-button\" data-url=\"https:\/\/lourdesvirtual.com\/webdewp\/quienes-somos\/\" data-text=\"\u00bfQuienes somos?\"  >Tweet<\/a><\/li><li class=\"share-linkedin\"><div class=\"linkedin_button\"><script type=\"in\/share\" data-url=\"https:\/\/lourdesvirtual.com\/webdewp\/quienes-somos\/\" data-counter=\"right\"><\/script><\/div><\/li><li class=\"share-pinterest\"><div class=\"pinterest_button\"><a href=\"https:\/\/www.pinterest.com\/pin\/create\/button\/?url=https%3A%2F%2Flourdesvirtual.com%2Fwebdewp%2Fquienes-somos%2F&#038;media=http%3A%2F%2Flourdesvirtual.com%2Fwebdewp%2Fwp-content%2Fuploads%2F2014%2F05%2Fantigua_02_reduc-300x211.jpg&#038;description=%C2%BFQuienes%20somos%3F\" data-pin-do=\"buttonPin\" data-pin-config=\"beside\"><img src=\"\/\/assets.pinterest.com\/images\/pidgets\/pinit_fg_en_rect_gray_20.png\" \/><\/a><\/div><\/li><li class=\"share-email\"><a rel=\"nofollow noopener noreferrer\" data-shared=\"\" class=\"share-email sd-button\" href=\"mailto:?subject=%5BEntrada%20compartida%5D%20%C2%BFQuienes%20somos%3F&body=https%3A%2F%2Flourdesvirtual.com%2Fwebdewp%2Fquienes-somos%2F&share=email\" target=\"_blank\" title=\"Haz clic para enviar un enlace por correo electr\u00f3nico a un amigo\" data-email-share-error-title=\"\u00bfTienes un correo electr\u00f3nico configurado?\" data-email-share-error-text=\"Si tienes problemas al compartir por correo electr\u00f3nico, es posible que sea porque no tengas un correo electr\u00f3nico configurado en tu navegador. Puede que tengas que crear un nuevo correo electr\u00f3nico t\u00fa mismo.\" data-email-share-nonce=\"168655e3ef\" data-email-share-track-url=\"https:\/\/lourdesvirtual.com\/webdewp\/quienes-somos\/?share=email\"><span>Correo electr\u00f3nico<\/span><\/a><\/li><li class=\"share-end\"><\/li><\/ul><\/div><\/div><\/div>","protected":false},"author":2,"featured_media":0,"parent":0,"menu_order":0,"comment_status":"open","ping_status":"open","template":"","meta":{"ngg_post_thumbnail":0},"jetpack_shortlink":"https:\/\/wp.me\/P5dDKC-6","jetpack_sharing_enabled":true,"jetpack_likes_enabled":true,"_links":{"self":[{"href":"https:\/\/lourdesvirtual.com\/webdewp\/wp-json\/wp\/v2\/pages\/6"}],"collection":[{"href":"https:\/\/lourdesvirtual.com\/webdewp\/wp-json\/wp\/v2\/pages"}],"about":[{"href":"https:\/\/lourdesvirtual.com\/webdewp\/wp-json\/wp\/v2\/types\/page"}],"author":[{"embeddable":true,"href":"https:\/\/lourdesvirtual.com\/webdewp\/wp-json\/wp\/v2\/users\/2"}],"replies":[{"embeddable":true,"href":"https:\/\/lourdesvirtual.com\/webdewp\/wp-json\/wp\/v2\/comments?post=6"}],"version-history":[{"count":5,"href":"https:\/\/lourdesvirtual.com\/webdewp\/wp-json\/wp\/v2\/pages\/6\/revisions"}],"predecessor-version":[{"id":4447,"href":"https:\/\/lourdesvirtual.com\/webdewp\/wp-json\/wp\/v2\/pages\/6\/revisions\/4447"}],"wp:attachment":[{"href":"https:\/\/lourdesvirtual.com\/webdewp\/wp-json\/wp\/v2\/media?parent=6"}],"curies":[{"name":"wp","href":"https:\/\/api.w.org\/{rel}","templated":true}]}}