{"id":4854,"date":"2023-11-27T15:11:53","date_gmt":"2023-11-27T13:11:53","guid":{"rendered":"https:\/\/lourdesvirtual.com\/webdewp\/?page_id=4854"},"modified":"2023-11-27T15:23:28","modified_gmt":"2023-11-27T13:23:28","slug":"subvenciones","status":"publish","type":"page","link":"https:\/\/lourdesvirtual.com\/webdewp\/subvenciones\/","title":{"rendered":"Subvenciones"},"content":{"rendered":"\n<p>Concesi\u00f3n de la subvenci\u00f3n p\u00fablica a centros privados sostenidos con fondos p\u00fablicos de la Comunidad Aut\u00f3noma de Galicia para dotaci\u00f3n de aulas digitales financiadas por el fondo europeo relativo al Mecanismo de recuperaci\u00f3n y resiliencia de la Uni\u00f3n Europea en el marco del Plan de recuperaci\u00f3n, transformaci\u00f3n y resiliencia financiado por la Uni\u00f3n Europea-NextGenerationEU, y\u00a0 convocado para el a\u00f1o 2023.<\/p>\n\n\n\n<p><\/p>\n\n\n\n<figure class=\"wp-block-image size-full\"><a href=\"https:\/\/lourdesvirtual.com\/webdewp\/wp-content\/uploads\/2023\/11\/subvencion.jpg\"><img data-attachment-id=\"4855\" data-permalink=\"https:\/\/lourdesvirtual.com\/webdewp\/subvenciones\/subvencion\/\" data-orig-file=\"https:\/\/lourdesvirtual.com\/webdewp\/wp-content\/uploads\/2023\/11\/subvencion.jpg\" data-orig-size=\"405,114\" data-comments-opened=\"1\" data-image-meta=\"{&quot;aperture&quot;:&quot;0&quot;,&quot;credit&quot;:&quot;&quot;,&quot;camera&quot;:&quot;&quot;,&quot;caption&quot;:&quot;&quot;,&quot;created_timestamp&quot;:&quot;0&quot;,&quot;copyright&quot;:&quot;&quot;,&quot;focal_length&quot;:&quot;0&quot;,&quot;iso&quot;:&quot;0&quot;,&quot;shutter_speed&quot;:&quot;0&quot;,&quot;title&quot;:&quot;&quot;,&quot;orientation&quot;:&quot;0&quot;}\" data-image-title=\"subvencion\" data-image-description=\"\" data-image-caption=\"\" data-medium-file=\"https:\/\/lourdesvirtual.com\/webdewp\/wp-content\/uploads\/2023\/11\/subvencion-300x84.jpg\" data-large-file=\"https:\/\/lourdesvirtual.com\/webdewp\/wp-content\/uploads\/2023\/11\/subvencion.jpg\" loading=\"lazy\" width=\"405\" height=\"114\" src=\"https:\/\/lourdesvirtual.com\/webdewp\/wp-content\/uploads\/2023\/11\/subvencion.jpg\" alt=\"\" class=\"wp-image-4855\" srcset=\"https:\/\/lourdesvirtual.com\/webdewp\/wp-content\/uploads\/2023\/11\/subvencion.jpg 405w, https:\/\/lourdesvirtual.com\/webdewp\/wp-content\/uploads\/2023\/11\/subvencion-300x84.jpg 300w\" sizes=\"(max-width: 405px) 100vw, 405px\" \/><\/a><\/figure>\n\n\n\n<h3>Resoluci\u00f3n de la Orden:<\/h3>\n\n\n\n<h6>De 11 de mayo de 2023 por la que se establecen las bases reguladoras para la concesi\u00f3n de las subvenciones p\u00fablicas, en r\u00e9gimen de concurrencia no competitiva, a centros privados sostenidos con fondos p\u00fablicos de la Comunidad Aut\u00f3noma de Galicia para dotaci\u00f3n de aulas digitales, financiadas por el fondo europeo relativo al Mecanismo de recuperaci\u00f3n y resiliencia de la Uni\u00f3n Europea en el marco del Plan de recuperaci\u00f3n, transformaci\u00f3n y resiliencia financiado por la Uni\u00f3n Europea-NextGenerationEU, y se procede a su convocatoria para el a\u00f1o 2023 (c\u00f3digo de procedimiento ED301K)<\/h6>\n\n\n\n<p>N\u00famero total de aulas subvencionadas: 2<\/p>\n\n\n\n<p>TOTAL: 5.600 \u20ac<\/p>\n<div class=\"sharedaddy sd-sharing-enabled\"><div class=\"robots-nocontent sd-block sd-social sd-social-official sd-sharing\"><h3 class=\"sd-title\">Comparte esto:<\/h3><div class=\"sd-content\"><ul><li class=\"share-facebook\"><div class=\"fb-share-button\" data-href=\"https:\/\/lourdesvirtual.com\/webdewp\/subvenciones\/\" data-layout=\"button_count\"><\/div><\/li><li class=\"share-twitter\"><a href=\"https:\/\/twitter.com\/share\" class=\"twitter-share-button\" data-url=\"https:\/\/lourdesvirtual.com\/webdewp\/subvenciones\/\" data-text=\"Subvenciones\"  >Tweet<\/a><\/li><li class=\"share-linkedin\"><div class=\"linkedin_button\"><script type=\"in\/share\" data-url=\"https:\/\/lourdesvirtual.com\/webdewp\/subvenciones\/\" data-counter=\"right\"><\/script><\/div><\/li><li class=\"share-pinterest\"><div class=\"pinterest_button\"><a href=\"https:\/\/www.pinterest.com\/pin\/create\/button\/?url=https%3A%2F%2Flourdesvirtual.com%2Fwebdewp%2Fsubvenciones%2F&#038;media=https%3A%2F%2Fsecure.gravatar.com%2Favatar%2F77440a5d3e7b727c7d3c40c5be8b5a08%3Fs%3D96%26d%3Dmm%26r%3Dg&#038;description=Subvenciones\" data-pin-do=\"buttonPin\" data-pin-config=\"beside\"><img src=\"\/\/assets.pinterest.com\/images\/pidgets\/pinit_fg_en_rect_gray_20.png\" \/><\/a><\/div><\/li><li class=\"share-email\"><a rel=\"nofollow noopener noreferrer\" data-shared=\"\" class=\"share-email sd-button\" href=\"mailto:?subject=%5BEntrada%20compartida%5D%20Subvenciones&body=https%3A%2F%2Flourdesvirtual.com%2Fwebdewp%2Fsubvenciones%2F&share=email\" target=\"_blank\" title=\"Haz clic para enviar un enlace por correo electr\u00f3nico a un amigo\" data-email-share-error-title=\"\u00bfTienes un correo electr\u00f3nico configurado?\" data-email-share-error-text=\"Si tienes problemas al compartir por correo electr\u00f3nico, es posible que sea porque no tengas un correo electr\u00f3nico configurado en tu navegador. Puede que tengas que crear un nuevo correo electr\u00f3nico t\u00fa mismo.\" data-email-share-nonce=\"de98ef1c9e\" data-email-share-track-url=\"https:\/\/lourdesvirtual.com\/webdewp\/subvenciones\/?share=email\"><span>Correo electr\u00f3nico<\/span><\/a><\/li><li class=\"share-end\"><\/li><\/ul><\/div><\/div><\/div>","protected":false},"excerpt":{"rendered":"<p>Concesi\u00f3n de la subvenci\u00f3n p\u00fablica a centros privados sostenidos con fondos p\u00fablicos de la Comunidad Aut\u00f3noma de Galicia para dotaci\u00f3n de aulas digitales financiadas por el fondo europeo relativo al [&hellip;]<\/p>\n<div class=\"sharedaddy sd-sharing-enabled\"><div class=\"robots-nocontent sd-block sd-social sd-social-official sd-sharing\"><h3 class=\"sd-title\">Comparte esto:<\/h3><div class=\"sd-content\"><ul><li class=\"share-facebook\"><div class=\"fb-share-button\" data-href=\"https:\/\/lourdesvirtual.com\/webdewp\/subvenciones\/\" data-layout=\"button_count\"><\/div><\/li><li class=\"share-twitter\"><a href=\"https:\/\/twitter.com\/share\" class=\"twitter-share-button\" data-url=\"https:\/\/lourdesvirtual.com\/webdewp\/subvenciones\/\" data-text=\"Subvenciones\"  >Tweet<\/a><\/li><li class=\"share-linkedin\"><div class=\"linkedin_button\"><script type=\"in\/share\" data-url=\"https:\/\/lourdesvirtual.com\/webdewp\/subvenciones\/\" data-counter=\"right\"><\/script><\/div><\/li><li class=\"share-pinterest\"><div class=\"pinterest_button\"><a href=\"https:\/\/www.pinterest.com\/pin\/create\/button\/?url=https%3A%2F%2Flourdesvirtual.com%2Fwebdewp%2Fsubvenciones%2F&#038;media=https%3A%2F%2Fsecure.gravatar.com%2Favatar%2F77440a5d3e7b727c7d3c40c5be8b5a08%3Fs%3D96%26d%3Dmm%26r%3Dg&#038;description=Subvenciones\" data-pin-do=\"buttonPin\" data-pin-config=\"beside\"><img src=\"\/\/assets.pinterest.com\/images\/pidgets\/pinit_fg_en_rect_gray_20.png\" \/><\/a><\/div><\/li><li class=\"share-email\"><a rel=\"nofollow noopener noreferrer\" data-shared=\"\" class=\"share-email sd-button\" href=\"mailto:?subject=%5BEntrada%20compartida%5D%20Subvenciones&body=https%3A%2F%2Flourdesvirtual.com%2Fwebdewp%2Fsubvenciones%2F&share=email\" target=\"_blank\" title=\"Haz clic para enviar un enlace por correo electr\u00f3nico a un amigo\" data-email-share-error-title=\"\u00bfTienes un correo electr\u00f3nico configurado?\" data-email-share-error-text=\"Si tienes problemas al compartir por correo electr\u00f3nico, es posible que sea porque no tengas un correo electr\u00f3nico configurado en tu navegador. Puede que tengas que crear un nuevo correo electr\u00f3nico t\u00fa mismo.\" data-email-share-nonce=\"de98ef1c9e\" data-email-share-track-url=\"https:\/\/lourdesvirtual.com\/webdewp\/subvenciones\/?share=email\"><span>Correo electr\u00f3nico<\/span><\/a><\/li><li class=\"share-end\"><\/li><\/ul><\/div><\/div><\/div>","protected":false},"author":1,"featured_media":0,"parent":0,"menu_order":0,"comment_status":"closed","ping_status":"closed","template":"","meta":{"ngg_post_thumbnail":0},"jetpack_shortlink":"https:\/\/wp.me\/P5dDKC-1gi","jetpack_sharing_enabled":true,"jetpack_likes_enabled":true,"_links":{"self":[{"href":"https:\/\/lourdesvirtual.com\/webdewp\/wp-json\/wp\/v2\/pages\/4854"}],"collection":[{"href":"https:\/\/lourdesvirtual.com\/webdewp\/wp-json\/wp\/v2\/pages"}],"about":[{"href":"https:\/\/lourdesvirtual.com\/webdewp\/wp-json\/wp\/v2\/types\/page"}],"author":[{"embeddable":true,"href":"https:\/\/lourdesvirtual.com\/webdewp\/wp-json\/wp\/v2\/users\/1"}],"replies":[{"embeddable":true,"href":"https:\/\/lourdesvirtual.com\/webdewp\/wp-json\/wp\/v2\/comments?post=4854"}],"version-history":[{"count":2,"href":"https:\/\/lourdesvirtual.com\/webdewp\/wp-json\/wp\/v2\/pages\/4854\/revisions"}],"predecessor-version":[{"id":4860,"href":"https:\/\/lourdesvirtual.com\/webdewp\/wp-json\/wp\/v2\/pages\/4854\/revisions\/4860"}],"wp:attachment":[{"href":"https:\/\/lourdesvirtual.com\/webdewp\/wp-json\/wp\/v2\/media?parent=4854"}],"curies":[{"name":"wp","href":"https:\/\/api.w.org\/{rel}","templated":true}]}}