{"id":4530,"date":"2021-04-22T12:30:25","date_gmt":"2021-04-22T10:30:25","guid":{"rendered":"http:\/\/lourdesvirtual.com\/webdewp\/?page_id=4530"},"modified":"2021-04-22T12:30:25","modified_gmt":"2021-04-22T10:30:25","slug":"politica-de-privacidad","status":"publish","type":"page","link":"https:\/\/lourdesvirtual.com\/webdewp\/politica-de-privacidad\/","title":{"rendered":"Politica de Privacidad"},"content":{"rendered":"<p>Se le informa que los datos personales que nos facilite voluntariamente ser\u00e1n tratados por ASOCIACI\u00d3N PRO PERSONAS CON DISCAPACIDAD INTELECTUAL DE GALICIA \u201cASPRONAGA\u201d con domicilio en CALLE P\u00c9REZ LUG\u00cdN 10 15011 &#8211; A CORU\u00d1A, que cumple con las medidas de seguridad exigidas en la legislaci\u00f3n vigente en materia de Protecci\u00f3n de Datos de Car\u00e1cter Personal. La finalidad de dicho tratamiento es la descrita en cada uno de los formularios&nbsp; establecidos en la p\u00e1gina web en el que Usted nos haya facilitado sus datos.&nbsp;<\/p>\n<p>Los datos facilitados no ser\u00e1n cedidos a terceros salvo en los casos en que exista una obligaci\u00f3n legal, y se conservar\u00e1n durante el tiempo necesario para atender su solicitud, siempre y cuando no nos indique lo contrario ejerciendo su derecho de supresi\u00f3n, o durante el tiempo necesario para cumplir con las obligaciones legales y atender las posibles responsabilidades que pudieran derivar del cumplimiento de la finalidad para la que los datos fueron recabados.<\/p>\n<p>ASPRONAGA no elaborar\u00e1 ning\u00fan tipo de \u201cperfil\u201d, en base a la informaci\u00f3n facilitada. No se tomar\u00e1n decisiones automatizadas en base a perfiles.<\/p>\n<p>Asimismo, ASPRONAGA cancelar\u00e1 o rectificar\u00e1 los datos cuando resulten inexactos, incompletos o hayan dejado de ser necesarios para su finalidad, de conformidad con lo previsto en la legislaci\u00f3n vigente en materia de Protecci\u00f3n de Datos de Car\u00e1cter Personal.<\/p>\n<p>Mientras no nos comunique lo contrario, entenderemos que sus datos no han sido modificados, que usted se compromete a notificarnos cualquier variaci\u00f3n y que tenemos el consentimiento para utilizarlos a fin de poder fidelizar la relaci\u00f3n entre las partes.<\/p>\n<p>El usuario podr\u00e1 ejercer los derechos de acceso, rectificaci\u00f3n, supresi\u00f3n, oposici\u00f3n, limitaci\u00f3n del tratamiento, portabilidad de datos y a no ser objeto de decisiones individualizadas automatizadas, en relaci\u00f3n con los datos objeto del tratamiento, ante el responsable del tratamiento en la direcci\u00f3n anteriormente mencionada, o por correo electr\u00f3nico a&nbsp;<span id=\"cloak25510\"><a href=\"mailto:lopd@aspronaga.net\">lopd@aspronaga.net<\/a><\/span>, adjuntando copia de su DNI o documento equivalente, o directamente ante el delegado de protecci\u00f3n de datos. En caso de que no haya obtenido satisfacci\u00f3n en el ejercicio de sus derechos, podr\u00e1 presentar una reclamaci\u00f3n ante la&nbsp; Autoridad de Control en materia Protecci\u00f3n de Datos competente, siendo \u00e9sta la Agencia Espa\u00f1ola de Protecci\u00f3n de Datos, y cuyos datos de contacto est\u00e1n accesibles en&nbsp;<a href=\"https:\/\/sedeagpd.gob.es\/sede-electronica-web\/vistas\/formNuevaReclamacion\/reclamacion.jsf\" target=\"_blank\" rel=\"noopener\">https:\/\/sedeagpd.gob.es\/sede-electronica-web\/vistas\/formNuevaReclamacion\/reclamacion.jsf<\/a><\/p>\n<p>ASPRONAGA adopta las medidas t\u00e9cnicas, controles y procedimientos de car\u00e1cter f\u00edsico, organizativo y tecnol\u00f3gico, razonablemente fiables y efectivos, orientados a preservar la integridad y la seguridad de sus datos y garantizar su privacidad. No obstante, no asume ninguna responsabilidad por los da\u00f1os y perjuicios derivados de alteraciones que terceros puedan causar en los sistemas inform\u00e1ticos, documentos electr\u00f3nicos o ficheros del usuario.<\/p>\n<p>Adem\u00e1s, todo el personal con acceso a los datos personales ha sido formado y tiene conocimiento de sus obligaciones con relaci\u00f3n a los tratamientos de sus datos personales.<\/p>\n<p>En el caso de los contratos que suscribimos con nuestros proveedores incluimos cl\u00e1usulas en las que se les exige mantener el deber de secreto respecto a los datos de car\u00e1cter personal a los que hayan tenido acceso en virtud del encargo realizado, as\u00ed como implantar las medidas de seguridad t\u00e9cnicas y organizativas necesarias para garantizar la confidencialidad, integridad, disponibilidad y resiliencia permanentes de los sistemas y servicios de tratamiento de los datos personales.<\/p>\n<p>Todas estas medidas de seguridad son revisadas de forma peri\u00f3dica para garantizar su adecuaci\u00f3n y efectividad.<\/p>\n<p>Sin embargo, la seguridad absoluta no se puede garantizar y no existe ning\u00fan sistema de seguridad que sea impenetrable por lo que, en el caso de cualquier informaci\u00f3n objeto de tratamiento y bajo nuestro control se viese comprometida como consecuencia de una brecha de seguridad, tomaremos las medidas adecuadas para investigar el incidente, notificarlo a la Autoridad de Control y, en su caso, a aquellos usuarios que se hubieran podido ver afectados para que tomen las medidas adecuadas.<\/p>\n<p>De acuerdo con lo que establece la Ley 34\/2002, de Servicios de la Sociedad de la Informaci\u00f3n y el Comercio Electr\u00f3nico en su art\u00edculo 21, solicitaremos su consentimiento para poder realizar comunicaciones publicitarias que consideremos puedan ser de su inter\u00e9s, por correo electr\u00f3nico o por cualquier otro medio de comunicaci\u00f3n electr\u00f3nica equivalente.<\/p>\n<p>En el caso de autorizar el env\u00edo de informaci\u00f3n \/ publicidad y no desee seguir recibiendo m\u00e1s informaci\u00f3n al respecto, usted tiene derecho a oponerse y\/o retirar dicho consentimiento, en cualquier momento, mediante notificaci\u00f3n por escrito&nbsp; o mediante correo electr\u00f3nico en la\/s direcci\u00f3n\/es anteriormente indicada\/s.<\/p>\n<p><strong>CORREO ELECTR\u00d3NICO<\/strong><\/p>\n<p>La informaci\u00f3n contenida en este mensaje y los archivos adjuntos es confidencial, cualquier modificaci\u00f3n, retransmisi\u00f3n, difusi\u00f3n u otro uso de esta informaci\u00f3n por personas o entidades distintas a las personas a la que va dirigida est\u00e1 prohibida salvo que est\u00e9 autorizado expresamente por el emisor del mensaje. Si recibe este mensaje por error, por favor borre el mensaje de cualquier ordenador sin copiarlo ni comunicarlo e informe al emisor del mismo. Aunque ASPRONAGA ha adoptado las precauciones necesarias, recomendamos adopte las medidas oportunas para comprobar que no existen, en este mensaje, elementos que puedan afectar a su equipo inform\u00e1tico. ASPRONAGA no aceptar\u00e1 ninguna responsabilidad acerca de los da\u00f1os o p\u00e9rdidas que pudieran producirse por este motivo. Asimismo, le informamos que las manifestaciones contenidas en el mensaje son responsabilidad exclusiva y personal de quien lo env\u00eda.<\/p>\n<p>&nbsp;<\/p>\n<p>Usted podr\u00e1 ejercer los derechos de acceso, rectificaci\u00f3n, supresi\u00f3n, oposici\u00f3n, limitaci\u00f3n del tratamiento, portabilidad de datos y a no ser objeto de decisiones individualizadas automatizadas, en relaci\u00f3n con los datos objeto del tratamiento, ante el responsable del tratamiento ASOCIACI\u00d3N PRO PERSONAS CON DISCAPACIDAD INTELECTUAL DE GALICIA \u201d ASPRONAGA\u201d, en la direcci\u00f3n CALLE P\u00c9REZ LUG\u00cdN 10 15011 &#8211; A CORU\u00d1A, o por correo electr\u00f3nico a&nbsp;&nbsp;<span id=\"cloak19490\"><a href=\"mailto:lopd@aspronaga.net\">lopd@aspronaga.net<\/a><\/span>, adjuntando copia de su DNI o documento equivalente, o directamente ante el delegado de protecci\u00f3n de datos: Datos de contacto Delegado de Protecci\u00f3n de Datos: Tel\u00e9fono: 984283532&nbsp; Correo electr\u00f3nico:&nbsp;<span id=\"cloak2149\"><a href=\"mailto:delegadoprotecciondatos@aspronaga.net\">delegadoprotecciondatos@aspronaga.net<\/a><\/span>. En caso de que no haya obtenido satisfacci\u00f3n en el ejercicio de sus derechos, podr\u00e1 presentar una reclamaci\u00f3n ante la&nbsp; &nbsp;Autoridad de Control en materia Protecci\u00f3n de Datos competente, siendo \u00e9sta la Agencia Espa\u00f1ola de Protecci\u00f3n de Datos, y cuyos datos de contacto est\u00e1n accesibles en&nbsp;<a href=\"https:\/\/sedeagpd.gob.es\/sede-electronica-web\/vistas\/formNuevaReclamacion\/reclamacion.jsf\" target=\"_blank\" rel=\"noopener\">https:\/\/sedeagpd.gob.es\/sede-electronica-web\/vistas\/formNuevaReclamacion\/reclamacion.jsf<\/a><\/p>\n<p><strong>FACEBOOK<\/strong><\/p>\n<p>Al hacerte fan de esta p\u00e1gina, consientes:<\/p>\n<p>1.El tratamiento de tus datos personales en el entorno de Facebook conforme a sus pol\u00edticas de privacidad http:\/\/www.facebook.com\/policy.php?ref=pf ;<\/p>\n<p>2.El acceso de ASPRONAGA a los datos contenidos en la lista de fans;<\/p>\n<p>3.A que las noticias publicadas aparezcan en tu muro.<\/p>\n<p>ASPRONAGA no utilizar\u00e1 los datos para otras finalidades ni para enviar informaci\u00f3n adicional. Si quieres darte de baja, s\u00f3lo tienes que pinchar sobre el hiperv\u00ednculo que aparece abajo a la derecha \u201cDejar de ser fan\u201d.&nbsp;<\/p>\n<p>Podr\u00e1s ejercer los derechos de acceso, rectificaci\u00f3n, supresi\u00f3n, oposici\u00f3n, limitaci\u00f3n del tratamiento, portabilidad de datos y a no ser objeto de decisiones individualizadas automatizadas, en relaci\u00f3n con los datos objeto del tratamiento, mediante notificaci\u00f3n a ASOCIACI\u00d3N PRO PERSONAS CON DISCAPACIDAD INTELECTUAL DE GALICIA \u201cASPRONAGA\u201d, responsable del tratamiento, en la direcci\u00f3n: CALLE P\u00c9REZ LUG\u00cdN 10 15011 &#8211; A CORU\u00d1A, o a trav\u00e9s del correo electr\u00f3nico&nbsp;&nbsp;<span id=\"cloak52747\"><a href=\"mailto:lopd@aspronaga.net\">lopd@aspronaga.net<\/a><\/span>, adjuntando copia de t\u00fa DNI o documento equivalente, o directamente ante el delegado de protecci\u00f3n de datos: Datos de contacto Delegado de Protecci\u00f3n de Datos: Tel\u00e9fono: 984283532&nbsp; Correo electr\u00f3nico:&nbsp;<span id=\"cloak13490\"><a href=\"mailto:delegadoprotecciondatos@aspronaga.net\">delegadoprotecciondatos@aspronaga.net<\/a><\/span>. En caso de que no hayas obtenido satisfacci\u00f3n en el ejercicio de tus derechos, puedes presentar una reclamaci\u00f3n ante la&nbsp; Autoridad de Control en materia Protecci\u00f3n de Datos competente, siendo \u00e9sta la Agencia Espa\u00f1ola de Protecci\u00f3n de Datos, y cuyos datos de contacto est\u00e1n accesibles en&nbsp;<a href=\"https:\/\/sedeagpd.gob.es\/sede-electronica-web\/vistas\/formNuevaReclamacion\/reclamacion.jsf.%20\" target=\"_blank\" rel=\"noopener\">https:\/\/sedeagpd.gob.es\/sede-electronica-web\/vistas\/formNuevaReclamacion\/reclamacion.jsf.&nbsp;<\/a><\/p>\n<p>&nbsp;<\/p>\n<p>En el contexto de este tratamiento debes de tener en cuenta que ASPRONAGA \u00fanicamente puede consultar o dar de baja tus datos como fan. Cualquier rectificaci\u00f3n de los mismos deber\u00e1s realizarla a trav\u00e9s de la configuraci\u00f3n de t\u00fa usuario.<\/p>\n<div class=\"sharedaddy sd-sharing-enabled\"><div class=\"robots-nocontent sd-block sd-social sd-social-official sd-sharing\"><h3 class=\"sd-title\">Comparte esto:<\/h3><div class=\"sd-content\"><ul><li class=\"share-facebook\"><div class=\"fb-share-button\" data-href=\"https:\/\/lourdesvirtual.com\/webdewp\/politica-de-privacidad\/\" data-layout=\"button_count\"><\/div><\/li><li class=\"share-twitter\"><a href=\"https:\/\/twitter.com\/share\" class=\"twitter-share-button\" data-url=\"https:\/\/lourdesvirtual.com\/webdewp\/politica-de-privacidad\/\" data-text=\"Politica de Privacidad\"  >Tweet<\/a><\/li><li class=\"share-linkedin\"><div class=\"linkedin_button\"><script type=\"in\/share\" data-url=\"https:\/\/lourdesvirtual.com\/webdewp\/politica-de-privacidad\/\" data-counter=\"right\"><\/script><\/div><\/li><li class=\"share-pinterest\"><div class=\"pinterest_button\"><a href=\"https:\/\/www.pinterest.com\/pin\/create\/button\/?url=https%3A%2F%2Flourdesvirtual.com%2Fwebdewp%2Fpolitica-de-privacidad%2F&#038;media=https%3A%2F%2Fsecure.gravatar.com%2Favatar%2F77440a5d3e7b727c7d3c40c5be8b5a08%3Fs%3D96%26d%3Dmm%26r%3Dg&#038;description=Politica%20de%20Privacidad\" data-pin-do=\"buttonPin\" data-pin-config=\"beside\"><img src=\"\/\/assets.pinterest.com\/images\/pidgets\/pinit_fg_en_rect_gray_20.png\" \/><\/a><\/div><\/li><li class=\"share-email\"><a rel=\"nofollow noopener noreferrer\" data-shared=\"\" class=\"share-email sd-button\" href=\"mailto:?subject=%5BEntrada%20compartida%5D%20Politica%20de%20Privacidad&body=https%3A%2F%2Flourdesvirtual.com%2Fwebdewp%2Fpolitica-de-privacidad%2F&share=email\" target=\"_blank\" title=\"Haz clic para enviar un enlace por correo electr\u00f3nico a un amigo\" data-email-share-error-title=\"\u00bfTienes un correo electr\u00f3nico configurado?\" data-email-share-error-text=\"Si tienes problemas al compartir por correo electr\u00f3nico, es posible que sea porque no tengas un correo electr\u00f3nico configurado en tu navegador. Puede que tengas que crear un nuevo correo electr\u00f3nico t\u00fa mismo.\" data-email-share-nonce=\"590d48a63b\" data-email-share-track-url=\"https:\/\/lourdesvirtual.com\/webdewp\/politica-de-privacidad\/?share=email\"><span>Correo electr\u00f3nico<\/span><\/a><\/li><li class=\"share-end\"><\/li><\/ul><\/div><\/div><\/div>","protected":false},"excerpt":{"rendered":"<p>Se le informa que los datos personales que nos facilite voluntariamente ser\u00e1n tratados por ASOCIACI\u00d3N PRO PERSONAS CON DISCAPACIDAD INTELECTUAL DE GALICIA \u201cASPRONAGA\u201d con domicilio en CALLE P\u00c9REZ LUG\u00cdN 10 [&hellip;]<\/p>\n<div class=\"sharedaddy sd-sharing-enabled\"><div class=\"robots-nocontent sd-block sd-social sd-social-official sd-sharing\"><h3 class=\"sd-title\">Comparte esto:<\/h3><div class=\"sd-content\"><ul><li class=\"share-facebook\"><div class=\"fb-share-button\" data-href=\"https:\/\/lourdesvirtual.com\/webdewp\/politica-de-privacidad\/\" data-layout=\"button_count\"><\/div><\/li><li class=\"share-twitter\"><a href=\"https:\/\/twitter.com\/share\" class=\"twitter-share-button\" data-url=\"https:\/\/lourdesvirtual.com\/webdewp\/politica-de-privacidad\/\" data-text=\"Politica de Privacidad\"  >Tweet<\/a><\/li><li class=\"share-linkedin\"><div class=\"linkedin_button\"><script type=\"in\/share\" data-url=\"https:\/\/lourdesvirtual.com\/webdewp\/politica-de-privacidad\/\" data-counter=\"right\"><\/script><\/div><\/li><li class=\"share-pinterest\"><div class=\"pinterest_button\"><a href=\"https:\/\/www.pinterest.com\/pin\/create\/button\/?url=https%3A%2F%2Flourdesvirtual.com%2Fwebdewp%2Fpolitica-de-privacidad%2F&#038;media=https%3A%2F%2Fsecure.gravatar.com%2Favatar%2F77440a5d3e7b727c7d3c40c5be8b5a08%3Fs%3D96%26d%3Dmm%26r%3Dg&#038;description=Politica%20de%20Privacidad\" data-pin-do=\"buttonPin\" data-pin-config=\"beside\"><img src=\"\/\/assets.pinterest.com\/images\/pidgets\/pinit_fg_en_rect_gray_20.png\" \/><\/a><\/div><\/li><li class=\"share-email\"><a rel=\"nofollow noopener noreferrer\" data-shared=\"\" class=\"share-email sd-button\" href=\"mailto:?subject=%5BEntrada%20compartida%5D%20Politica%20de%20Privacidad&body=https%3A%2F%2Flourdesvirtual.com%2Fwebdewp%2Fpolitica-de-privacidad%2F&share=email\" target=\"_blank\" title=\"Haz clic para enviar un enlace por correo electr\u00f3nico a un amigo\" data-email-share-error-title=\"\u00bfTienes un correo electr\u00f3nico configurado?\" data-email-share-error-text=\"Si tienes problemas al compartir por correo electr\u00f3nico, es posible que sea porque no tengas un correo electr\u00f3nico configurado en tu navegador. Puede que tengas que crear un nuevo correo electr\u00f3nico t\u00fa mismo.\" data-email-share-nonce=\"590d48a63b\" data-email-share-track-url=\"https:\/\/lourdesvirtual.com\/webdewp\/politica-de-privacidad\/?share=email\"><span>Correo electr\u00f3nico<\/span><\/a><\/li><li class=\"share-end\"><\/li><\/ul><\/div><\/div><\/div>","protected":false},"author":1,"featured_media":0,"parent":0,"menu_order":0,"comment_status":"closed","ping_status":"closed","template":"","meta":{"ngg_post_thumbnail":0},"jetpack_shortlink":"https:\/\/wp.me\/P5dDKC-1b4","jetpack_sharing_enabled":true,"jetpack_likes_enabled":true,"_links":{"self":[{"href":"https:\/\/lourdesvirtual.com\/webdewp\/wp-json\/wp\/v2\/pages\/4530"}],"collection":[{"href":"https:\/\/lourdesvirtual.com\/webdewp\/wp-json\/wp\/v2\/pages"}],"about":[{"href":"https:\/\/lourdesvirtual.com\/webdewp\/wp-json\/wp\/v2\/types\/page"}],"author":[{"embeddable":true,"href":"https:\/\/lourdesvirtual.com\/webdewp\/wp-json\/wp\/v2\/users\/1"}],"replies":[{"embeddable":true,"href":"https:\/\/lourdesvirtual.com\/webdewp\/wp-json\/wp\/v2\/comments?post=4530"}],"version-history":[{"count":1,"href":"https:\/\/lourdesvirtual.com\/webdewp\/wp-json\/wp\/v2\/pages\/4530\/revisions"}],"predecessor-version":[{"id":4532,"href":"https:\/\/lourdesvirtual.com\/webdewp\/wp-json\/wp\/v2\/pages\/4530\/revisions\/4532"}],"wp:attachment":[{"href":"https:\/\/lourdesvirtual.com\/webdewp\/wp-json\/wp\/v2\/media?parent=4530"}],"curies":[{"name":"wp","href":"https:\/\/api.w.org\/{rel}","templated":true}]}}