{"id":37,"date":"2014-05-16T10:24:40","date_gmt":"2014-05-16T10:24:40","guid":{"rendered":"http:\/\/lourdesvirtual.com\/webdewp\/?page_id=37"},"modified":"2014-05-16T10:24:47","modified_gmt":"2014-05-16T10:24:47","slug":"sobre-el-centro","status":"publish","type":"page","link":"https:\/\/lourdesvirtual.com\/webdewp\/sobre-el-centro\/","title":{"rendered":"Sobre el Centro"},"content":{"rendered":"<p>El centro educativo se rige por los principios de:<\/p>\n<ul>\n<li>Calidad de Vida<\/li>\n<li>Mejora continua<\/li>\n<li>Inclusi\u00f3n Social<\/li>\n<li>Participaci\u00f3n de todos\/as<\/li>\n<li>Apoyo Mutuo<\/li>\n<\/ul>\n<p>Estos valores se pueden llevar a la pr\u00e1ctica gracias a un grupo humano dispuesto a aportar su amplio bagaje y experiencia profesional en la ayuda a todos los miembros de la comunidad educativa, abiertos a todas las personas con discapacidad y a sus familias.<\/p>\n<p>Buscamos que la educaci\u00f3n que reciben nuestros alumnos\/as no sea \u00fanicamente \u00abescolar\u00bb sino que \u00e9sta afecte a todos los \u00e1mbitos de su vida (entorno familiar, comunidad, amigos, empleo&#8230;)<\/p>\n<p>Para ello tenemos como objetivo, entre otros, \u00abgenerar los apoyos precisos para facilitar la inclusi\u00f3n social y laboral de nuestro alumnado\u00bb.<\/p>\n<p><img loading=\"lazy\" src=\"https:\/\/lh3.googleusercontent.com\/-jHf5ppHM4RQ\/TdDwsNHeBFI\/AAAAAAAAAhw\/n0NZbYXg2_c\/s912\/Decathlo%2525CC%252581n%252520028.jpg\" alt=\"\" width=\"510\" height=\"418\" \/><\/p>\n<div class=\"sharedaddy sd-sharing-enabled\"><div class=\"robots-nocontent sd-block sd-social sd-social-official sd-sharing\"><h3 class=\"sd-title\">Comparte esto:<\/h3><div class=\"sd-content\"><ul><li class=\"share-facebook\"><div class=\"fb-share-button\" data-href=\"https:\/\/lourdesvirtual.com\/webdewp\/sobre-el-centro\/\" data-layout=\"button_count\"><\/div><\/li><li class=\"share-twitter\"><a href=\"https:\/\/twitter.com\/share\" class=\"twitter-share-button\" data-url=\"https:\/\/lourdesvirtual.com\/webdewp\/sobre-el-centro\/\" data-text=\"Sobre el Centro\"  >Tweet<\/a><\/li><li class=\"share-linkedin\"><div class=\"linkedin_button\"><script type=\"in\/share\" data-url=\"https:\/\/lourdesvirtual.com\/webdewp\/sobre-el-centro\/\" data-counter=\"right\"><\/script><\/div><\/li><li class=\"share-pinterest\"><div class=\"pinterest_button\"><a href=\"https:\/\/www.pinterest.com\/pin\/create\/button\/?url=https%3A%2F%2Flourdesvirtual.com%2Fwebdewp%2Fsobre-el-centro%2F&#038;media=https%3A%2F%2Flh3.googleusercontent.com%2F-jHf5ppHM4RQ%2FTdDwsNHeBFI%2FAAAAAAAAAhw%2Fn0NZbYXg2_c%2Fs912%2FDecathlo%252525CC%25252581n%25252520028.jpg&#038;description=Sobre%20el%20Centro\" data-pin-do=\"buttonPin\" data-pin-config=\"beside\"><img src=\"\/\/assets.pinterest.com\/images\/pidgets\/pinit_fg_en_rect_gray_20.png\" \/><\/a><\/div><\/li><li class=\"share-email\"><a rel=\"nofollow noopener noreferrer\" data-shared=\"\" class=\"share-email sd-button\" href=\"mailto:?subject=%5BEntrada%20compartida%5D%20Sobre%20el%20Centro&body=https%3A%2F%2Flourdesvirtual.com%2Fwebdewp%2Fsobre-el-centro%2F&share=email\" target=\"_blank\" title=\"Haz clic para enviar un enlace por correo electr\u00f3nico a un amigo\" data-email-share-error-title=\"\u00bfTienes un correo electr\u00f3nico configurado?\" data-email-share-error-text=\"Si tienes problemas al compartir por correo electr\u00f3nico, es posible que sea porque no tengas un correo electr\u00f3nico configurado en tu navegador. Puede que tengas que crear un nuevo correo electr\u00f3nico t\u00fa mismo.\" data-email-share-nonce=\"4cdd123f69\" data-email-share-track-url=\"https:\/\/lourdesvirtual.com\/webdewp\/sobre-el-centro\/?share=email\"><span>Correo electr\u00f3nico<\/span><\/a><\/li><li class=\"share-end\"><\/li><\/ul><\/div><\/div><\/div>","protected":false},"excerpt":{"rendered":"<p>El centro educativo se rige por los principios de: Calidad de Vida Mejora continua Inclusi\u00f3n Social Participaci\u00f3n de todos\/as Apoyo Mutuo Estos valores se pueden llevar a la pr\u00e1ctica gracias [&hellip;]<\/p>\n<div class=\"sharedaddy sd-sharing-enabled\"><div class=\"robots-nocontent sd-block sd-social sd-social-official sd-sharing\"><h3 class=\"sd-title\">Comparte esto:<\/h3><div class=\"sd-content\"><ul><li class=\"share-facebook\"><div class=\"fb-share-button\" data-href=\"https:\/\/lourdesvirtual.com\/webdewp\/sobre-el-centro\/\" data-layout=\"button_count\"><\/div><\/li><li class=\"share-twitter\"><a href=\"https:\/\/twitter.com\/share\" class=\"twitter-share-button\" data-url=\"https:\/\/lourdesvirtual.com\/webdewp\/sobre-el-centro\/\" data-text=\"Sobre el Centro\"  >Tweet<\/a><\/li><li class=\"share-linkedin\"><div class=\"linkedin_button\"><script type=\"in\/share\" data-url=\"https:\/\/lourdesvirtual.com\/webdewp\/sobre-el-centro\/\" data-counter=\"right\"><\/script><\/div><\/li><li class=\"share-pinterest\"><div class=\"pinterest_button\"><a href=\"https:\/\/www.pinterest.com\/pin\/create\/button\/?url=https%3A%2F%2Flourdesvirtual.com%2Fwebdewp%2Fsobre-el-centro%2F&#038;media=https%3A%2F%2Flh3.googleusercontent.com%2F-jHf5ppHM4RQ%2FTdDwsNHeBFI%2FAAAAAAAAAhw%2Fn0NZbYXg2_c%2Fs912%2FDecathlo%252525CC%25252581n%25252520028.jpg&#038;description=Sobre%20el%20Centro\" data-pin-do=\"buttonPin\" data-pin-config=\"beside\"><img src=\"\/\/assets.pinterest.com\/images\/pidgets\/pinit_fg_en_rect_gray_20.png\" \/><\/a><\/div><\/li><li class=\"share-email\"><a rel=\"nofollow noopener noreferrer\" data-shared=\"\" class=\"share-email sd-button\" href=\"mailto:?subject=%5BEntrada%20compartida%5D%20Sobre%20el%20Centro&body=https%3A%2F%2Flourdesvirtual.com%2Fwebdewp%2Fsobre-el-centro%2F&share=email\" target=\"_blank\" title=\"Haz clic para enviar un enlace por correo electr\u00f3nico a un amigo\" data-email-share-error-title=\"\u00bfTienes un correo electr\u00f3nico configurado?\" data-email-share-error-text=\"Si tienes problemas al compartir por correo electr\u00f3nico, es posible que sea porque no tengas un correo electr\u00f3nico configurado en tu navegador. Puede que tengas que crear un nuevo correo electr\u00f3nico t\u00fa mismo.\" data-email-share-nonce=\"4cdd123f69\" data-email-share-track-url=\"https:\/\/lourdesvirtual.com\/webdewp\/sobre-el-centro\/?share=email\"><span>Correo electr\u00f3nico<\/span><\/a><\/li><li class=\"share-end\"><\/li><\/ul><\/div><\/div><\/div>","protected":false},"author":2,"featured_media":0,"parent":0,"menu_order":0,"comment_status":"open","ping_status":"open","template":"","meta":{"ngg_post_thumbnail":0},"jetpack_shortlink":"https:\/\/wp.me\/P5dDKC-B","jetpack_sharing_enabled":true,"jetpack_likes_enabled":true,"_links":{"self":[{"href":"https:\/\/lourdesvirtual.com\/webdewp\/wp-json\/wp\/v2\/pages\/37"}],"collection":[{"href":"https:\/\/lourdesvirtual.com\/webdewp\/wp-json\/wp\/v2\/pages"}],"about":[{"href":"https:\/\/lourdesvirtual.com\/webdewp\/wp-json\/wp\/v2\/types\/page"}],"author":[{"embeddable":true,"href":"https:\/\/lourdesvirtual.com\/webdewp\/wp-json\/wp\/v2\/users\/2"}],"replies":[{"embeddable":true,"href":"https:\/\/lourdesvirtual.com\/webdewp\/wp-json\/wp\/v2\/comments?post=37"}],"version-history":[{"count":1,"href":"https:\/\/lourdesvirtual.com\/webdewp\/wp-json\/wp\/v2\/pages\/37\/revisions"}],"predecessor-version":[{"id":39,"href":"https:\/\/lourdesvirtual.com\/webdewp\/wp-json\/wp\/v2\/pages\/37\/revisions\/39"}],"wp:attachment":[{"href":"https:\/\/lourdesvirtual.com\/webdewp\/wp-json\/wp\/v2\/media?parent=37"}],"curies":[{"name":"wp","href":"https:\/\/api.w.org\/{rel}","templated":true}]}}