{"id":24,"date":"2014-05-16T08:38:19","date_gmt":"2014-05-16T08:38:19","guid":{"rendered":"http:\/\/lourdesvirtual.com\/webdewp\/?page_id=24"},"modified":"2014-05-16T15:27:53","modified_gmt":"2014-05-16T15:27:53","slug":"lluvia-de-colores","status":"publish","type":"page","link":"https:\/\/lourdesvirtual.com\/webdewp\/lluvia-de-colores\/","title":{"rendered":"Blogs del Centro"},"content":{"rendered":"<h2 style=\"text-align: center;\">Bienvenidos a los Blog de nuestro centro<\/h2>\n<p>&nbsp;<\/p>\n<p><img class=\"decoded aligncenter\" src=\"http:\/\/3.bp.blogspot.com\/-bJM0HU6mUaI\/TntWZK0VDSI\/AAAAAAAAAQ4\/JInFVnfadU8\/s320\/BLOG.png\" alt=\"http:\/\/3.bp.blogspot.com\/-bJM0HU6mUaI\/TntWZK0VDSI\/AAAAAAAAAQ4\/JInFVnfadU8\/s320\/BLOG.png\" \/><\/p>\n<div class=\"sharedaddy sd-sharing-enabled\"><div class=\"robots-nocontent sd-block sd-social sd-social-official sd-sharing\"><h3 class=\"sd-title\">Comparte esto:<\/h3><div class=\"sd-content\"><ul><li class=\"share-facebook\"><div class=\"fb-share-button\" data-href=\"https:\/\/lourdesvirtual.com\/webdewp\/lluvia-de-colores\/\" data-layout=\"button_count\"><\/div><\/li><li class=\"share-twitter\"><a href=\"https:\/\/twitter.com\/share\" class=\"twitter-share-button\" data-url=\"https:\/\/lourdesvirtual.com\/webdewp\/lluvia-de-colores\/\" data-text=\"Blogs del Centro\"  >Tweet<\/a><\/li><li class=\"share-linkedin\"><div class=\"linkedin_button\"><script type=\"in\/share\" data-url=\"https:\/\/lourdesvirtual.com\/webdewp\/lluvia-de-colores\/\" data-counter=\"right\"><\/script><\/div><\/li><li class=\"share-pinterest\"><div class=\"pinterest_button\"><a href=\"https:\/\/www.pinterest.com\/pin\/create\/button\/?url=https%3A%2F%2Flourdesvirtual.com%2Fwebdewp%2Flluvia-de-colores%2F&#038;media=https%3A%2F%2Fsecure.gravatar.com%2Favatar%2F9fd46ac77830b28356a623c13d9ccb14%3Fs%3D96%26d%3Dmm%26r%3Dg&#038;description=Blogs%20del%20Centro\" data-pin-do=\"buttonPin\" data-pin-config=\"beside\"><img src=\"\/\/assets.pinterest.com\/images\/pidgets\/pinit_fg_en_rect_gray_20.png\" \/><\/a><\/div><\/li><li class=\"share-email\"><a rel=\"nofollow noopener noreferrer\" data-shared=\"\" class=\"share-email sd-button\" href=\"mailto:?subject=%5BEntrada%20compartida%5D%20Blogs%20del%20Centro&body=https%3A%2F%2Flourdesvirtual.com%2Fwebdewp%2Flluvia-de-colores%2F&share=email\" target=\"_blank\" title=\"Haz clic para enviar un enlace por correo electr\u00f3nico a un amigo\" data-email-share-error-title=\"\u00bfTienes un correo electr\u00f3nico configurado?\" data-email-share-error-text=\"Si tienes problemas al compartir por correo electr\u00f3nico, es posible que sea porque no tengas un correo electr\u00f3nico configurado en tu navegador. Puede que tengas que crear un nuevo correo electr\u00f3nico t\u00fa mismo.\" data-email-share-nonce=\"251c4ec4b4\" data-email-share-track-url=\"https:\/\/lourdesvirtual.com\/webdewp\/lluvia-de-colores\/?share=email\"><span>Correo electr\u00f3nico<\/span><\/a><\/li><li class=\"share-end\"><\/li><\/ul><\/div><\/div><\/div>","protected":false},"excerpt":{"rendered":"<p>Bienvenidos a los Blog de nuestro centro &nbsp;<\/p>\n<div class=\"sharedaddy sd-sharing-enabled\"><div class=\"robots-nocontent sd-block sd-social sd-social-official sd-sharing\"><h3 class=\"sd-title\">Comparte esto:<\/h3><div class=\"sd-content\"><ul><li class=\"share-facebook\"><div class=\"fb-share-button\" data-href=\"https:\/\/lourdesvirtual.com\/webdewp\/lluvia-de-colores\/\" data-layout=\"button_count\"><\/div><\/li><li class=\"share-twitter\"><a href=\"https:\/\/twitter.com\/share\" class=\"twitter-share-button\" data-url=\"https:\/\/lourdesvirtual.com\/webdewp\/lluvia-de-colores\/\" data-text=\"Blogs del Centro\"  >Tweet<\/a><\/li><li class=\"share-linkedin\"><div class=\"linkedin_button\"><script type=\"in\/share\" data-url=\"https:\/\/lourdesvirtual.com\/webdewp\/lluvia-de-colores\/\" data-counter=\"right\"><\/script><\/div><\/li><li class=\"share-pinterest\"><div class=\"pinterest_button\"><a href=\"https:\/\/www.pinterest.com\/pin\/create\/button\/?url=https%3A%2F%2Flourdesvirtual.com%2Fwebdewp%2Flluvia-de-colores%2F&#038;media=https%3A%2F%2Fsecure.gravatar.com%2Favatar%2F9fd46ac77830b28356a623c13d9ccb14%3Fs%3D96%26d%3Dmm%26r%3Dg&#038;description=Blogs%20del%20Centro\" data-pin-do=\"buttonPin\" data-pin-config=\"beside\"><img src=\"\/\/assets.pinterest.com\/images\/pidgets\/pinit_fg_en_rect_gray_20.png\" \/><\/a><\/div><\/li><li class=\"share-email\"><a rel=\"nofollow noopener noreferrer\" data-shared=\"\" class=\"share-email sd-button\" href=\"mailto:?subject=%5BEntrada%20compartida%5D%20Blogs%20del%20Centro&body=https%3A%2F%2Flourdesvirtual.com%2Fwebdewp%2Flluvia-de-colores%2F&share=email\" target=\"_blank\" title=\"Haz clic para enviar un enlace por correo electr\u00f3nico a un amigo\" data-email-share-error-title=\"\u00bfTienes un correo electr\u00f3nico configurado?\" data-email-share-error-text=\"Si tienes problemas al compartir por correo electr\u00f3nico, es posible que sea porque no tengas un correo electr\u00f3nico configurado en tu navegador. Puede que tengas que crear un nuevo correo electr\u00f3nico t\u00fa mismo.\" data-email-share-nonce=\"251c4ec4b4\" data-email-share-track-url=\"https:\/\/lourdesvirtual.com\/webdewp\/lluvia-de-colores\/?share=email\"><span>Correo electr\u00f3nico<\/span><\/a><\/li><li class=\"share-end\"><\/li><\/ul><\/div><\/div><\/div>","protected":false},"author":2,"featured_media":0,"parent":0,"menu_order":0,"comment_status":"open","ping_status":"open","template":"","meta":{"ngg_post_thumbnail":0},"jetpack_shortlink":"https:\/\/wp.me\/P5dDKC-o","jetpack_sharing_enabled":true,"jetpack_likes_enabled":true,"_links":{"self":[{"href":"https:\/\/lourdesvirtual.com\/webdewp\/wp-json\/wp\/v2\/pages\/24"}],"collection":[{"href":"https:\/\/lourdesvirtual.com\/webdewp\/wp-json\/wp\/v2\/pages"}],"about":[{"href":"https:\/\/lourdesvirtual.com\/webdewp\/wp-json\/wp\/v2\/types\/page"}],"author":[{"embeddable":true,"href":"https:\/\/lourdesvirtual.com\/webdewp\/wp-json\/wp\/v2\/users\/2"}],"replies":[{"embeddable":true,"href":"https:\/\/lourdesvirtual.com\/webdewp\/wp-json\/wp\/v2\/comments?post=24"}],"version-history":[{"count":4,"href":"https:\/\/lourdesvirtual.com\/webdewp\/wp-json\/wp\/v2\/pages\/24\/revisions"}],"predecessor-version":[{"id":118,"href":"https:\/\/lourdesvirtual.com\/webdewp\/wp-json\/wp\/v2\/pages\/24\/revisions\/118"}],"wp:attachment":[{"href":"https:\/\/lourdesvirtual.com\/webdewp\/wp-json\/wp\/v2\/media?parent=24"}],"curies":[{"name":"wp","href":"https:\/\/api.w.org\/{rel}","templated":true}]}}