{"id":19,"date":"2014-05-14T15:48:55","date_gmt":"2014-05-14T15:48:55","guid":{"rendered":"http:\/\/lourdesvirtual.com\/webdewp\/?page_id=19"},"modified":"2023-11-27T16:03:10","modified_gmt":"2023-11-27T14:03:10","slug":"proyecto-educativo","status":"publish","type":"page","link":"https:\/\/lourdesvirtual.com\/webdewp\/sobre-el-centro\/proyecto-educativo\/","title":{"rendered":"Proyecto educativo"},"content":{"rendered":"<p>Nuestro Proyecto Educativo est\u00e1 enmarcado en documentos como:<\/p>\n<ul>\n<li>Proyecto Educativo de Centro (PEC)<\/li>\n<li>Proyecto Curricular<\/li>\n<li>Plan de Acci\u00f3n Tutorial (PAT)<\/li>\n<li><a href=\"http:\/\/lourdesvirtual.com\/webdewp\/wp-content\/uploads\/2023\/11\/PXA-2023_2024.pdf\" target=\"_blank\" rel=\"noopener\">Programaci\u00f3n General Anual 23-24<\/a> (PXA)<\/li>\n<li><a href=\"http:\/\/lourdesvirtual.com\/webdewp\/wp-content\/uploads\/2023\/11\/Memoria-final-2022_2023.pdf\" target=\"_blank\" rel=\"noopener\">Memoria Final do Centro 22-23<\/a><\/li>\n<\/ul>\n<p>Todos estos documentos resumen la forma de organizaci\u00f3n del centro, filosof\u00eda y maneras de actuar en todos los \u00e1mbitos de nuestro d\u00eda a d\u00eda.<\/p>\n<p>ASPRONAGA y por tanto el Centro educativo somos miembros de la Confederaci\u00f3n Plena Inclusi\u00f3n Espa\u00f1a (<a href=\"https:\/\/www.plenainclusion.org\" target=\"_blank\" rel=\"noopener\">https:\/\/www.plenainclusion.org<\/a> ). Somos un conjunto de organizaciones familiares que defienden los derechos, imparten servicios y son agentes de cambio social.<\/p>\n<div class=\"sharedaddy sd-sharing-enabled\"><div class=\"robots-nocontent sd-block sd-social sd-social-official sd-sharing\"><h3 class=\"sd-title\">Comparte esto:<\/h3><div class=\"sd-content\"><ul><li class=\"share-facebook\"><div class=\"fb-share-button\" data-href=\"https:\/\/lourdesvirtual.com\/webdewp\/sobre-el-centro\/proyecto-educativo\/\" data-layout=\"button_count\"><\/div><\/li><li class=\"share-twitter\"><a href=\"https:\/\/twitter.com\/share\" class=\"twitter-share-button\" data-url=\"https:\/\/lourdesvirtual.com\/webdewp\/sobre-el-centro\/proyecto-educativo\/\" data-text=\"Proyecto educativo\"  >Tweet<\/a><\/li><li class=\"share-linkedin\"><div class=\"linkedin_button\"><script type=\"in\/share\" data-url=\"https:\/\/lourdesvirtual.com\/webdewp\/sobre-el-centro\/proyecto-educativo\/\" data-counter=\"right\"><\/script><\/div><\/li><li class=\"share-pinterest\"><div class=\"pinterest_button\"><a href=\"https:\/\/www.pinterest.com\/pin\/create\/button\/?url=https%3A%2F%2Flourdesvirtual.com%2Fwebdewp%2Fsobre-el-centro%2Fproyecto-educativo%2F&#038;media=https%3A%2F%2Fsecure.gravatar.com%2Favatar%2F9fd46ac77830b28356a623c13d9ccb14%3Fs%3D96%26d%3Dmm%26r%3Dg&#038;description=Proyecto%20educativo\" data-pin-do=\"buttonPin\" data-pin-config=\"beside\"><img src=\"\/\/assets.pinterest.com\/images\/pidgets\/pinit_fg_en_rect_gray_20.png\" \/><\/a><\/div><\/li><li class=\"share-email\"><a rel=\"nofollow noopener noreferrer\" data-shared=\"\" class=\"share-email sd-button\" href=\"mailto:?subject=%5BEntrada%20compartida%5D%20Proyecto%20educativo&body=https%3A%2F%2Flourdesvirtual.com%2Fwebdewp%2Fsobre-el-centro%2Fproyecto-educativo%2F&share=email\" target=\"_blank\" title=\"Haz clic para enviar un enlace por correo electr\u00f3nico a un amigo\" data-email-share-error-title=\"\u00bfTienes un correo electr\u00f3nico configurado?\" data-email-share-error-text=\"Si tienes problemas al compartir por correo electr\u00f3nico, es posible que sea porque no tengas un correo electr\u00f3nico configurado en tu navegador. Puede que tengas que crear un nuevo correo electr\u00f3nico t\u00fa mismo.\" data-email-share-nonce=\"c9c58c65a8\" data-email-share-track-url=\"https:\/\/lourdesvirtual.com\/webdewp\/sobre-el-centro\/proyecto-educativo\/?share=email\"><span>Correo electr\u00f3nico<\/span><\/a><\/li><li class=\"share-end\"><\/li><\/ul><\/div><\/div><\/div>","protected":false},"excerpt":{"rendered":"<p>Nuestro Proyecto Educativo est\u00e1 enmarcado en documentos como: Proyecto Educativo de Centro (PEC) Proyecto Curricular Plan de Acci\u00f3n Tutorial (PAT) Programaci\u00f3n General Anual 23-24 (PXA) Memoria Final do Centro 22-23 [&hellip;]<\/p>\n<div class=\"sharedaddy sd-sharing-enabled\"><div class=\"robots-nocontent sd-block sd-social sd-social-official sd-sharing\"><h3 class=\"sd-title\">Comparte esto:<\/h3><div class=\"sd-content\"><ul><li class=\"share-facebook\"><div class=\"fb-share-button\" data-href=\"https:\/\/lourdesvirtual.com\/webdewp\/sobre-el-centro\/proyecto-educativo\/\" data-layout=\"button_count\"><\/div><\/li><li class=\"share-twitter\"><a href=\"https:\/\/twitter.com\/share\" class=\"twitter-share-button\" data-url=\"https:\/\/lourdesvirtual.com\/webdewp\/sobre-el-centro\/proyecto-educativo\/\" data-text=\"Proyecto educativo\"  >Tweet<\/a><\/li><li class=\"share-linkedin\"><div class=\"linkedin_button\"><script type=\"in\/share\" data-url=\"https:\/\/lourdesvirtual.com\/webdewp\/sobre-el-centro\/proyecto-educativo\/\" data-counter=\"right\"><\/script><\/div><\/li><li class=\"share-pinterest\"><div class=\"pinterest_button\"><a href=\"https:\/\/www.pinterest.com\/pin\/create\/button\/?url=https%3A%2F%2Flourdesvirtual.com%2Fwebdewp%2Fsobre-el-centro%2Fproyecto-educativo%2F&#038;media=https%3A%2F%2Fsecure.gravatar.com%2Favatar%2F9fd46ac77830b28356a623c13d9ccb14%3Fs%3D96%26d%3Dmm%26r%3Dg&#038;description=Proyecto%20educativo\" data-pin-do=\"buttonPin\" data-pin-config=\"beside\"><img src=\"\/\/assets.pinterest.com\/images\/pidgets\/pinit_fg_en_rect_gray_20.png\" \/><\/a><\/div><\/li><li class=\"share-email\"><a rel=\"nofollow noopener noreferrer\" data-shared=\"\" class=\"share-email sd-button\" href=\"mailto:?subject=%5BEntrada%20compartida%5D%20Proyecto%20educativo&body=https%3A%2F%2Flourdesvirtual.com%2Fwebdewp%2Fsobre-el-centro%2Fproyecto-educativo%2F&share=email\" target=\"_blank\" title=\"Haz clic para enviar un enlace por correo electr\u00f3nico a un amigo\" data-email-share-error-title=\"\u00bfTienes un correo electr\u00f3nico configurado?\" data-email-share-error-text=\"Si tienes problemas al compartir por correo electr\u00f3nico, es posible que sea porque no tengas un correo electr\u00f3nico configurado en tu navegador. Puede que tengas que crear un nuevo correo electr\u00f3nico t\u00fa mismo.\" data-email-share-nonce=\"c9c58c65a8\" data-email-share-track-url=\"https:\/\/lourdesvirtual.com\/webdewp\/sobre-el-centro\/proyecto-educativo\/?share=email\"><span>Correo electr\u00f3nico<\/span><\/a><\/li><li class=\"share-end\"><\/li><\/ul><\/div><\/div><\/div>","protected":false},"author":2,"featured_media":0,"parent":37,"menu_order":0,"comment_status":"open","ping_status":"open","template":"","meta":{"ngg_post_thumbnail":0},"jetpack_shortlink":"https:\/\/wp.me\/P5dDKC-j","jetpack_sharing_enabled":true,"jetpack_likes_enabled":true,"_links":{"self":[{"href":"https:\/\/lourdesvirtual.com\/webdewp\/wp-json\/wp\/v2\/pages\/19"}],"collection":[{"href":"https:\/\/lourdesvirtual.com\/webdewp\/wp-json\/wp\/v2\/pages"}],"about":[{"href":"https:\/\/lourdesvirtual.com\/webdewp\/wp-json\/wp\/v2\/types\/page"}],"author":[{"embeddable":true,"href":"https:\/\/lourdesvirtual.com\/webdewp\/wp-json\/wp\/v2\/users\/2"}],"replies":[{"embeddable":true,"href":"https:\/\/lourdesvirtual.com\/webdewp\/wp-json\/wp\/v2\/comments?post=19"}],"version-history":[{"count":9,"href":"https:\/\/lourdesvirtual.com\/webdewp\/wp-json\/wp\/v2\/pages\/19\/revisions"}],"predecessor-version":[{"id":4865,"href":"https:\/\/lourdesvirtual.com\/webdewp\/wp-json\/wp\/v2\/pages\/19\/revisions\/4865"}],"up":[{"embeddable":true,"href":"https:\/\/lourdesvirtual.com\/webdewp\/wp-json\/wp\/v2\/pages\/37"}],"wp:attachment":[{"href":"https:\/\/lourdesvirtual.com\/webdewp\/wp-json\/wp\/v2\/media?parent=19"}],"curies":[{"name":"wp","href":"https:\/\/api.w.org\/{rel}","templated":true}]}}